{"id":1383,"date":"2025-03-17T15:39:34","date_gmt":"2025-03-17T14:39:34","guid":{"rendered":"https:\/\/sccc.se\/pilot-lines-infrastruktur\/apecs\/"},"modified":"2026-01-13T18:27:39","modified_gmt":"2026-01-13T17:27:39","slug":"apecs","status":"publish","type":"page","link":"https:\/\/sccc.se\/sv\/pilot-lines-infrastruktur\/apecs\/","title":{"rendered":"APECS"},"content":{"rendered":"<style>.kb-row-layout-id549_c50505-97 > .kt-row-column-wrap{align-content:start;}:where(.kb-row-layout-id549_c50505-97 > .kt-row-column-wrap) > .wp-block-kadence-column{justify-content:start;}.kb-row-layout-id549_c50505-97 > .kt-row-column-wrap{column-gap:var(--global-kb-gap-lg, 4rem);row-gap:var(--global-kb-gap-md, 2rem);max-width:var( --global-content-width, 1290px );padding-left:var(--global-content-edge-padding);padding-right:var(--global-content-edge-padding);padding-top:var(--global-kb-spacing-xxl, 5rem);padding-bottom:var(--global-kb-spacing-xxl, 5rem);grid-template-columns:repeat(2, minmax(0, 1fr));}.kb-row-layout-id549_c50505-97 > .kt-row-layout-overlay{opacity:0.30;}@media all and (max-width: 1024px){.kb-row-layout-id549_c50505-97 > .kt-row-column-wrap{padding-top:var(--global-kb-spacing-xl, 4rem);padding-bottom:var(--global-kb-spacing-xl, 4rem);grid-template-columns:repeat(2, minmax(0, 1fr));}}@media all and (max-width: 767px){.kb-row-layout-id549_c50505-97 > .kt-row-column-wrap{padding-top:var(--global-kb-spacing-md, 2rem);padding-bottom:var(--global-kb-spacing-md, 2rem);grid-template-columns:minmax(0, 1fr);}}<\/style><div class=\"kb-row-layout-wrap kb-row-layout-id549_c50505-97 alignfull has-theme-palette8-background-color kt-row-has-bg wp-block-kadence-rowlayout\"><div class=\"kt-row-column-wrap kt-has-2-columns kt-row-layout-equal kt-tab-layout-inherit kt-mobile-layout-row kt-row-valign-top kb-theme-content-width\">\n<style>.kadence-column549_046cbf-11 > .kt-inside-inner-col,.kadence-column549_046cbf-11 > .kt-inside-inner-col:before{border-top-left-radius:0px;border-top-right-radius:0px;border-bottom-right-radius:0px;border-bottom-left-radius:0px;}.kadence-column549_046cbf-11 > .kt-inside-inner-col{column-gap:var(--global-kb-gap-sm, 1rem);}.kadence-column549_046cbf-11 > .kt-inside-inner-col{flex-direction:column;}.kadence-column549_046cbf-11 > .kt-inside-inner-col > .aligncenter{width:100%;}.kadence-column549_046cbf-11 > .kt-inside-inner-col:before{opacity:0.3;}.kadence-column549_046cbf-11{position:relative;}@media all and (max-width: 1024px){.kadence-column549_046cbf-11 > .kt-inside-inner-col{flex-direction:column;justify-content:center;}}@media all and (max-width: 767px){.kadence-column549_046cbf-11 > .kt-inside-inner-col{flex-direction:column;justify-content:center;}}<\/style>\n<div class=\"wp-block-kadence-column kadence-column549_046cbf-11 inner-column-1\"><div class=\"kt-inside-inner-col\"><style>.wp-block-kadence-advancedheading.kt-adv-heading549_1b082f-35, .wp-block-kadence-advancedheading.kt-adv-heading549_1b082f-35[data-kb-block=\"kb-adv-heading549_1b082f-35\"]{font-style:normal;}.wp-block-kadence-advancedheading.kt-adv-heading549_1b082f-35 mark.kt-highlight, .wp-block-kadence-advancedheading.kt-adv-heading549_1b082f-35[data-kb-block=\"kb-adv-heading549_1b082f-35\"] mark.kt-highlight{font-style:normal;color:#f76a0c;-webkit-box-decoration-break:clone;box-decoration-break:clone;padding-top:0px;padding-right:0px;padding-bottom:0px;padding-left:0px;}.wp-block-kadence-advancedheading.kt-adv-heading549_1b082f-35 img.kb-inline-image, .wp-block-kadence-advancedheading.kt-adv-heading549_1b082f-35[data-kb-block=\"kb-adv-heading549_1b082f-35\"] img.kb-inline-image{width:150px;vertical-align:baseline;}<\/style>\n<p class=\"kt-adv-heading549_1b082f-35 wp-block-kadence-advancedheading has-theme-palette-3-color has-text-color\" data-kb-block=\"kb-adv-heading549_1b082f-35\">Pilotlinjen <strong>APECS (Advanced Packaging and Heterogeneous Integration for Electronic Components and Systems) <\/strong>fokuserar p\u00e5 <strong>avancerade f\u00f6rpacknings- och integrationsl\u00f6sningar<\/strong>. H\u00e4r erbjuds <strong>tj\u00e4nster och utbildning <\/strong>f\u00f6r att integrera <strong>chiplets och elektroniska komponenter i <\/strong>innovativa system som st\u00f6djer branscher som <strong>h\u00f6gpresterande datorsystem, medicinsk instrumentering och telekommunikation<\/strong>.   <\/p>\n\n\n<style>.wp-block-kadence-advancedheading.kt-adv-heading549_cfbb49-3d, .wp-block-kadence-advancedheading.kt-adv-heading549_cfbb49-3d[data-kb-block=\"kb-adv-heading549_cfbb49-3d\"]{font-style:normal;}.wp-block-kadence-advancedheading.kt-adv-heading549_cfbb49-3d mark.kt-highlight, .wp-block-kadence-advancedheading.kt-adv-heading549_cfbb49-3d[data-kb-block=\"kb-adv-heading549_cfbb49-3d\"] mark.kt-highlight{font-style:normal;color:#f76a0c;-webkit-box-decoration-break:clone;box-decoration-break:clone;padding-top:0px;padding-right:0px;padding-bottom:0px;padding-left:0px;}.wp-block-kadence-advancedheading.kt-adv-heading549_cfbb49-3d img.kb-inline-image, .wp-block-kadence-advancedheading.kt-adv-heading549_cfbb49-3d[data-kb-block=\"kb-adv-heading549_cfbb49-3d\"] img.kb-inline-image{width:150px;vertical-align:baseline;}<\/style>\n<p class=\"kt-adv-heading549_cfbb49-3d wp-block-kadence-advancedheading has-theme-palette-3-color has-text-color\" data-kb-block=\"kb-adv-heading549_cfbb49-3d\">APECS m\u00f6jligg\u00f6r <strong>l\u00e5gvolymproduktion av h\u00f6gv\u00e4rdiga chip,<\/strong> vilket ger m\u00f6jlighet till <strong>proof-of-concept-demonstrationer <\/strong>med h\u00f6g teknikberedskap.<\/p>\n\n\n\n<p><a href=\"https:\/\/www.youtube.com\/watch?v=sWcdtLbcKus&amp;t=2s\" data-type=\"link\" data-id=\"https:\/\/www.youtube.com\/watch?v=sWcdtLbcKus&amp;t=2s\">L\u00e4s mer i v\u00e5rt APECS-webinarium<\/a> <\/p>\n\n\n<style>.wp-block-kadence-advancedheading.kt-adv-heading549_d3f1ab-72, .wp-block-kadence-advancedheading.kt-adv-heading549_d3f1ab-72[data-kb-block=\"kb-adv-heading549_d3f1ab-72\"]{font-style:normal;}.wp-block-kadence-advancedheading.kt-adv-heading549_d3f1ab-72 mark.kt-highlight, .wp-block-kadence-advancedheading.kt-adv-heading549_d3f1ab-72[data-kb-block=\"kb-adv-heading549_d3f1ab-72\"] mark.kt-highlight{font-style:normal;color:#f76a0c;-webkit-box-decoration-break:clone;box-decoration-break:clone;padding-top:0px;padding-right:0px;padding-bottom:0px;padding-left:0px;}.wp-block-kadence-advancedheading.kt-adv-heading549_d3f1ab-72 img.kb-inline-image, .wp-block-kadence-advancedheading.kt-adv-heading549_d3f1ab-72[data-kb-block=\"kb-adv-heading549_d3f1ab-72\"] img.kb-inline-image{width:150px;vertical-align:baseline;}<\/style>\n<p class=\"kt-adv-heading549_d3f1ab-72 wp-block-kadence-advancedheading\" data-kb-block=\"kb-adv-heading549_d3f1ab-72\"><a href=\"https:\/\/www.apecs.eu\/\">Bes\u00f6k APECS webbplats<\/a><\/p>\n<\/div><\/div>\n\n\n<style>.kadence-column549_7d391d-2c > .kt-inside-inner-col,.kadence-column549_7d391d-2c > .kt-inside-inner-col:before{border-top-left-radius:0px;border-top-right-radius:0px;border-bottom-right-radius:0px;border-bottom-left-radius:0px;}.kadence-column549_7d391d-2c > .kt-inside-inner-col{column-gap:var(--global-kb-gap-sm, 1rem);}.kadence-column549_7d391d-2c > .kt-inside-inner-col{flex-direction:column;}.kadence-column549_7d391d-2c > .kt-inside-inner-col > .aligncenter{width:100%;}.kadence-column549_7d391d-2c > .kt-inside-inner-col:before{opacity:0.3;}.kadence-column549_7d391d-2c{position:relative;}@media all and (max-width: 1024px){.kadence-column549_7d391d-2c > .kt-inside-inner-col{flex-direction:column;justify-content:center;}}@media all and (max-width: 767px){.kadence-column549_7d391d-2c > .kt-inside-inner-col{flex-direction:column;justify-content:center;}}<\/style>\n<div class=\"wp-block-kadence-column kadence-column549_7d391d-2c inner-column-1\"><div class=\"kt-inside-inner-col\"><style>.wp-block-kadence-image.kb-image549_365e0c-cf:not(.kb-specificity-added):not(.kb-extra-specificity-added){margin-bottom:var(--global-kb-spacing-sm, 1.5rem);}.kb-image549_365e0c-cf:not(.kb-image-is-ratio-size) .kb-img, .kb-image549_365e0c-cf.kb-image-is-ratio-size{padding-top:var(--global-kb-spacing-xs, 1rem);padding-right:var(--global-kb-spacing-xs, 1rem);padding-bottom:var(--global-kb-spacing-xs, 1rem);padding-left:var(--global-kb-spacing-xs, 1rem);}.kb-image549_365e0c-cf .kb-image-has-overlay:after{opacity:0.3;border-top-left-radius:0px;border-top-right-radius:40px;border-bottom-right-radius:40px;border-bottom-left-radius:40px;}.kb-image549_365e0c-cf img.kb-img, .kb-image549_365e0c-cf .kb-img img{background-color:var(--global-palette4, #2D3748);border-top-left-radius:0px;border-top-right-radius:40px;border-bottom-right-radius:40px;border-bottom-left-radius:40px;}<\/style>\n<figure class=\"wp-block-kadence-image kb-image549_365e0c-cf size-full\"><img alt=\"\" loading=\"lazy\" decoding=\"async\" width=\"688\" height=\"457\" src=\"https:\/\/sccc.se\/wp-content\/uploads\/2025\/02\/SCCC-logo_liggande_rgb.png\" alt=\"\" class=\"kb-img wp-image-29\" srcset=\"https:\/\/sccc.se\/wp-content\/uploads\/2025\/02\/SCCC-logo_liggande_rgb.png 688w, https:\/\/sccc.se\/wp-content\/uploads\/2025\/02\/SCCC-logo_liggande_rgb-300x199.png 300w\" sizes=\"auto, (max-width: 688px) 100vw, 688px\" \/><\/figure>\n<\/div><\/div>\n\n<\/div><\/div>\n<p><\/p>\n","protected":false},"excerpt":{"rendered":"<p>Pilotlinjen APECS (Advanced Packaging and Heterogeneous Integration for Electronic Components and Systems) fokuserar p\u00e5 avancerade f\u00f6rpacknings- och integrationsl\u00f6sningar. H\u00e4r erbjuds tj\u00e4nster och utbildning f\u00f6r att integrera chiplets och elektroniska komponenter i innovativa system som st\u00f6djer branscher som h\u00f6gpresterande datorsystem, medicinsk instrumentering och telekommunikation. APECS m\u00f6jligg\u00f6r l\u00e5gvolymproduktion av h\u00f6gv\u00e4rdiga chip, vilket ger m\u00f6jlighet till proof-of-concept-demonstrationer med&#8230;<\/p>\n","protected":false},"author":2,"featured_media":0,"parent":1378,"menu_order":0,"comment_status":"closed","ping_status":"closed","template":"","meta":{"_seopress_robots_primary_cat":"","_seopress_titles_title":"","_seopress_titles_desc":"","_seopress_robots_index":"","_kad_blocks_custom_css":"","_kad_blocks_head_custom_js":"","_kad_blocks_body_custom_js":"","_kad_blocks_footer_custom_js":"","_kad_post_transparent":"","_kad_post_title":"","_kad_post_layout":"","_kad_post_sidebar_id":"","_kad_post_content_style":"","_kad_post_vertical_padding":"","_kad_post_feature":"","_kad_post_feature_position":"","_kad_post_header":false,"_kad_post_footer":false,"_kad_post_classname":"","footnotes":""},"class_list":["post-1383","page","type-page","status-publish","hentry"],"taxonomy_info":[],"featured_image_src_large":false,"author_info":{"display_name":"AlizonWeb","author_link":"https:\/\/sccc.se\/sv\/author\/sccc_admin\/"},"comment_info":0,"_links":{"self":[{"href":"https:\/\/sccc.se\/sv\/wp-json\/wp\/v2\/pages\/1383","targetHints":{"allow":["GET"]}}],"collection":[{"href":"https:\/\/sccc.se\/sv\/wp-json\/wp\/v2\/pages"}],"about":[{"href":"https:\/\/sccc.se\/sv\/wp-json\/wp\/v2\/types\/page"}],"author":[{"embeddable":true,"href":"https:\/\/sccc.se\/sv\/wp-json\/wp\/v2\/users\/2"}],"replies":[{"embeddable":true,"href":"https:\/\/sccc.se\/sv\/wp-json\/wp\/v2\/comments?post=1383"}],"version-history":[{"count":2,"href":"https:\/\/sccc.se\/sv\/wp-json\/wp\/v2\/pages\/1383\/revisions"}],"predecessor-version":[{"id":2041,"href":"https:\/\/sccc.se\/sv\/wp-json\/wp\/v2\/pages\/1383\/revisions\/2041"}],"up":[{"embeddable":true,"href":"https:\/\/sccc.se\/sv\/wp-json\/wp\/v2\/pages\/1378"}],"wp:attachment":[{"href":"https:\/\/sccc.se\/sv\/wp-json\/wp\/v2\/media?parent=1383"}],"curies":[{"name":"wp","href":"https:\/\/api.w.org\/{rel}","templated":true}]}}