{"id":1397,"date":"2025-03-17T15:40:40","date_gmt":"2025-03-17T14:40:40","guid":{"rendered":"https:\/\/sccc.se\/pilot-lines-infrastruktur\/wbg-pilot-line\/"},"modified":"2025-11-03T11:22:30","modified_gmt":"2025-11-03T10:22:30","slug":"wbg-pilot-line","status":"publish","type":"page","link":"https:\/\/sccc.se\/sv\/pilot-lines-infrastruktur\/wbg-pilot-line\/","title":{"rendered":"WBG Pilot Line"},"content":{"rendered":"<style>.kb-row-layout-id555_1c8140-b1 > .kt-row-column-wrap{align-content:start;}:where(.kb-row-layout-id555_1c8140-b1 > .kt-row-column-wrap) > .wp-block-kadence-column{justify-content:start;}.kb-row-layout-id555_1c8140-b1 > .kt-row-column-wrap{column-gap:var(--global-kb-gap-lg, 4rem);row-gap:var(--global-kb-gap-md, 2rem);max-width:var( --global-content-width, 1290px );padding-left:var(--global-content-edge-padding);padding-right:var(--global-content-edge-padding);padding-top:var(--global-kb-spacing-xxl, 5rem);padding-bottom:var(--global-kb-spacing-xxl, 5rem);grid-template-columns:repeat(2, minmax(0, 1fr));}.kb-row-layout-id555_1c8140-b1 > .kt-row-layout-overlay{opacity:0.30;}@media all and (max-width: 1024px){.kb-row-layout-id555_1c8140-b1 > .kt-row-column-wrap{padding-top:var(--global-kb-spacing-xl, 4rem);padding-bottom:var(--global-kb-spacing-xl, 4rem);grid-template-columns:repeat(2, minmax(0, 1fr));}}@media all and (max-width: 767px){.kb-row-layout-id555_1c8140-b1 > .kt-row-column-wrap{padding-top:var(--global-kb-spacing-md, 2rem);padding-bottom:var(--global-kb-spacing-md, 2rem);grid-template-columns:minmax(0, 1fr);}}<\/style><div class=\"kb-row-layout-wrap kb-row-layout-id555_1c8140-b1 alignfull has-theme-palette8-background-color kt-row-has-bg wp-block-kadence-rowlayout\"><div class=\"kt-row-column-wrap kt-has-2-columns kt-row-layout-equal kt-tab-layout-inherit kt-mobile-layout-row kt-row-valign-top kb-theme-content-width\">\n<style>.kadence-column555_ce59fb-7f > .kt-inside-inner-col,.kadence-column555_ce59fb-7f > .kt-inside-inner-col:before{border-top-left-radius:0px;border-top-right-radius:0px;border-bottom-right-radius:0px;border-bottom-left-radius:0px;}.kadence-column555_ce59fb-7f > .kt-inside-inner-col{column-gap:var(--global-kb-gap-sm, 1rem);}.kadence-column555_ce59fb-7f > .kt-inside-inner-col{flex-direction:column;}.kadence-column555_ce59fb-7f > .kt-inside-inner-col > .aligncenter{width:100%;}.kadence-column555_ce59fb-7f > .kt-inside-inner-col:before{opacity:0.3;}.kadence-column555_ce59fb-7f{position:relative;}@media all and (max-width: 1024px){.kadence-column555_ce59fb-7f > .kt-inside-inner-col{flex-direction:column;justify-content:center;}}@media all and (max-width: 767px){.kadence-column555_ce59fb-7f > .kt-inside-inner-col{flex-direction:column;justify-content:center;}}<\/style>\n<div class=\"wp-block-kadence-column kadence-column555_ce59fb-7f inner-column-1\"><div class=\"kt-inside-inner-col\"><style>.wp-block-kadence-advancedheading.kt-adv-heading555_b6645b-7c, .wp-block-kadence-advancedheading.kt-adv-heading555_b6645b-7c[data-kb-block=\"kb-adv-heading555_b6645b-7c\"]{font-style:normal;}.wp-block-kadence-advancedheading.kt-adv-heading555_b6645b-7c mark.kt-highlight, .wp-block-kadence-advancedheading.kt-adv-heading555_b6645b-7c[data-kb-block=\"kb-adv-heading555_b6645b-7c\"] mark.kt-highlight{font-style:normal;color:#f76a0c;-webkit-box-decoration-break:clone;box-decoration-break:clone;padding-top:0px;padding-right:0px;padding-bottom:0px;padding-left:0px;}.wp-block-kadence-advancedheading.kt-adv-heading555_b6645b-7c img.kb-inline-image, .wp-block-kadence-advancedheading.kt-adv-heading555_b6645b-7c[data-kb-block=\"kb-adv-heading555_b6645b-7c\"] img.kb-inline-image{width:150px;vertical-align:baseline;}<\/style>\n<p class=\"kt-adv-heading555_b6645b-7c wp-block-kadence-advancedheading\" data-kb-block=\"kb-adv-heading555_b6645b-7c\"><strong>WBG Pilot Line<\/strong> fokuserar p\u00e5 utvecklingen av <strong>nya halvledarmaterial och teknologier,<\/strong> inklusive s\u00e5dana med <strong>h\u00f6g prestanda<\/strong> och <strong>h\u00e5llbarhet<\/strong>. Den distribuerade pilotlinjen leds av CNR-IMM i Italien, med svenskt deltagande fr\u00e5n fyra universitet: <strong>Chalmers, KTH, Link\u00f6pings universitet<\/strong> och <strong>Lunds universitet<\/strong>. De material som Sverige fokuserar p\u00e5 i det f\u00f6rsta skedet \u00e4r galliumnitrid, kiselkarbid, f\u00f6ljt av galliumoxid och aluminium nitrid.<br\/><\/p>\n\n\n<style>.wp-block-kadence-advancedheading.kt-adv-heading555_9bd2df-49, .wp-block-kadence-advancedheading.kt-adv-heading555_9bd2df-49[data-kb-block=\"kb-adv-heading555_9bd2df-49\"]{font-style:normal;}.wp-block-kadence-advancedheading.kt-adv-heading555_9bd2df-49 mark.kt-highlight, .wp-block-kadence-advancedheading.kt-adv-heading555_9bd2df-49[data-kb-block=\"kb-adv-heading555_9bd2df-49\"] mark.kt-highlight{font-style:normal;color:#f76a0c;-webkit-box-decoration-break:clone;box-decoration-break:clone;padding-top:0px;padding-right:0px;padding-bottom:0px;padding-left:0px;}.wp-block-kadence-advancedheading.kt-adv-heading555_9bd2df-49 img.kb-inline-image, .wp-block-kadence-advancedheading.kt-adv-heading555_9bd2df-49[data-kb-block=\"kb-adv-heading555_9bd2df-49\"] img.kb-inline-image{width:150px;vertical-align:baseline;}<\/style>\n<p class=\"kt-adv-heading555_9bd2df-49 wp-block-kadence-advancedheading\" data-kb-block=\"kb-adv-heading555_9bd2df-49\">De f\u00f6rsta resultaten fr\u00e5n <strong>WBG-pilotlinjen<\/strong> kommer att vara f\u00f6rb\u00e4ttrad effektivitet i den <strong>avancerade delen av Europas<\/strong> sortiment av kraftdiskreta komponenter, samt utvecklingen av en relaterad v\u00e4rdekedja baserad i Europa. Den andra effekten blir skapandet av <strong>nya<\/strong> och <strong>mycket innovativa produktfamiljer<\/strong> baserade p\u00e5 <strong>moderna halvledarmaterial<\/strong> och <strong>kraftkomponenter<\/strong> med egenskaper och prestanda som dagens marknad \u00e4nnu inte erbjuder.<\/p>\n\n\n\n<p><a href=\"https:\/\/www.wbg-pilot-line.eu\/\" data-type=\"link\" data-id=\"https:\/\/www.wbg-pilot-line.eu\/\">L\u00e4r dig mer om WBG Pilot Line<\/a><\/p>\n<\/div><\/div>\n\n\n<style>.kadence-column555_44250c-24 > .kt-inside-inner-col,.kadence-column555_44250c-24 > .kt-inside-inner-col:before{border-top-left-radius:0px;border-top-right-radius:0px;border-bottom-right-radius:0px;border-bottom-left-radius:0px;}.kadence-column555_44250c-24 > .kt-inside-inner-col{column-gap:var(--global-kb-gap-sm, 1rem);}.kadence-column555_44250c-24 > .kt-inside-inner-col{flex-direction:column;}.kadence-column555_44250c-24 > .kt-inside-inner-col > .aligncenter{width:100%;}.kadence-column555_44250c-24 > .kt-inside-inner-col:before{opacity:0.3;}.kadence-column555_44250c-24{position:relative;}@media all and (max-width: 1024px){.kadence-column555_44250c-24 > .kt-inside-inner-col{flex-direction:column;justify-content:center;}}@media all and (max-width: 767px){.kadence-column555_44250c-24 > .kt-inside-inner-col{flex-direction:column;justify-content:center;}}<\/style>\n<div class=\"wp-block-kadence-column kadence-column555_44250c-24 inner-column-1\"><div class=\"kt-inside-inner-col\"><style>.wp-block-kadence-image.kb-image555_94b249-c2:not(.kb-specificity-added):not(.kb-extra-specificity-added){margin-bottom:var(--global-kb-spacing-sm, 1.5rem);}.kb-image555_94b249-c2:not(.kb-image-is-ratio-size) .kb-img, .kb-image555_94b249-c2.kb-image-is-ratio-size{padding-top:var(--global-kb-spacing-xs, 1rem);padding-right:var(--global-kb-spacing-xs, 1rem);padding-bottom:var(--global-kb-spacing-xs, 1rem);padding-left:var(--global-kb-spacing-xs, 1rem);}.kb-image555_94b249-c2 .kb-image-has-overlay:after{opacity:0.3;border-top-left-radius:0px;border-top-right-radius:40px;border-bottom-right-radius:40px;border-bottom-left-radius:40px;}.kb-image555_94b249-c2 img.kb-img, .kb-image555_94b249-c2 .kb-img img{background-color:var(--global-palette4, #2D3748);border-top-left-radius:0px;border-top-right-radius:40px;border-bottom-right-radius:40px;border-bottom-left-radius:40px;}<\/style>\n<figure class=\"wp-block-kadence-image kb-image555_94b249-c2 size-full\"><img alt=\"\" loading=\"lazy\" decoding=\"async\" width=\"688\" height=\"457\" src=\"https:\/\/sccc.se\/wp-content\/uploads\/2025\/02\/SCCC-logo_liggande_rgb.png\" alt=\"\" class=\"kb-img wp-image-29\" srcset=\"https:\/\/sccc.se\/wp-content\/uploads\/2025\/02\/SCCC-logo_liggande_rgb.png 688w, https:\/\/sccc.se\/wp-content\/uploads\/2025\/02\/SCCC-logo_liggande_rgb-300x199.png 300w\" sizes=\"auto, (max-width: 688px) 100vw, 688px\" \/><\/figure>\n<\/div><\/div>\n\n<\/div><\/div>\n<p><\/p>\n","protected":false},"excerpt":{"rendered":"<p>WBG Pilot Line fokuserar p\u00e5 utvecklingen av nya halvledarmaterial och teknologier, inklusive s\u00e5dana med h\u00f6g prestanda och h\u00e5llbarhet. Den distribuerade pilotlinjen leds av CNR-IMM i Italien, med svenskt deltagande fr\u00e5n fyra universitet: Chalmers, KTH, Link\u00f6pings universitet och Lunds universitet. De material som Sverige fokuserar p\u00e5 i det f\u00f6rsta skedet \u00e4r galliumnitrid, kiselkarbid, f\u00f6ljt av galliumoxid&#8230;<\/p>\n","protected":false},"author":2,"featured_media":0,"parent":1378,"menu_order":0,"comment_status":"closed","ping_status":"closed","template":"","meta":{"_seopress_robots_primary_cat":"","_seopress_titles_title":"","_seopress_titles_desc":"","_seopress_robots_index":"","_kad_blocks_custom_css":"","_kad_blocks_head_custom_js":"","_kad_blocks_body_custom_js":"","_kad_blocks_footer_custom_js":"","_kad_post_transparent":"","_kad_post_title":"","_kad_post_layout":"","_kad_post_sidebar_id":"","_kad_post_content_style":"","_kad_post_vertical_padding":"","_kad_post_feature":"","_kad_post_feature_position":"","_kad_post_header":false,"_kad_post_footer":false,"_kad_post_classname":"","footnotes":""},"class_list":["post-1397","page","type-page","status-publish","hentry"],"taxonomy_info":[],"featured_image_src_large":false,"author_info":{"display_name":"AlizonWeb","author_link":"https:\/\/sccc.se\/sv\/author\/sccc_admin\/"},"comment_info":0,"_links":{"self":[{"href":"https:\/\/sccc.se\/sv\/wp-json\/wp\/v2\/pages\/1397","targetHints":{"allow":["GET"]}}],"collection":[{"href":"https:\/\/sccc.se\/sv\/wp-json\/wp\/v2\/pages"}],"about":[{"href":"https:\/\/sccc.se\/sv\/wp-json\/wp\/v2\/types\/page"}],"author":[{"embeddable":true,"href":"https:\/\/sccc.se\/sv\/wp-json\/wp\/v2\/users\/2"}],"replies":[{"embeddable":true,"href":"https:\/\/sccc.se\/sv\/wp-json\/wp\/v2\/comments?post=1397"}],"version-history":[{"count":6,"href":"https:\/\/sccc.se\/sv\/wp-json\/wp\/v2\/pages\/1397\/revisions"}],"predecessor-version":[{"id":1953,"href":"https:\/\/sccc.se\/sv\/wp-json\/wp\/v2\/pages\/1397\/revisions\/1953"}],"up":[{"embeddable":true,"href":"https:\/\/sccc.se\/sv\/wp-json\/wp\/v2\/pages\/1378"}],"wp:attachment":[{"href":"https:\/\/sccc.se\/sv\/wp-json\/wp\/v2\/media?parent=1397"}],"curies":[{"name":"wp","href":"https:\/\/api.w.org\/{rel}","templated":true}]}}